{"id":11135,"date":"2019-01-14T13:21:10","date_gmt":"2019-01-14T13:21:10","guid":{"rendered":"https:\/\/2025.vse-conference.eu\/about-apav\/"},"modified":"2024-11-19T13:38:46","modified_gmt":"2024-11-19T13:38:46","slug":"sobre-a-apav","status":"publish","type":"page","link":"https:\/\/2025.vse-conference.eu\/pt-pt\/sobre-a-apav\/","title":{"rendered":"Sobre a APAV"},"content":{"rendered":"[vc_row type=&#8221;full_width_background&#8221; full_screen_row_position=&#8221;middle&#8221; column_margin=&#8221;default&#8221; column_direction=&#8221;default&#8221; column_direction_tablet=&#8221;default&#8221; column_direction_phone=&#8221;default&#8221; bg_color=&#8221;#412b85&#8243; scene_position=&#8221;center&#8221; top_padding=&#8221;3%&#8221; bottom_padding=&#8221;3%&#8221; text_color=&#8221;light&#8221; text_align=&#8221;left&#8221; row_border_radius=&#8221;none&#8221; row_border_radius_applies=&#8221;bg&#8221; overflow=&#8221;visible&#8221; overlay_strength=&#8221;0.5&#8243; gradient_direction=&#8221;left_to_right&#8221; shape_divider_position=&#8221;bottom&#8221; bg_image_animation=&#8221;none&#8221; video_mute=&#8221;true&#8221; shape_type=&#8221;&#8221;][vc_column column_padding=&#8221;no-extra-padding&#8221; column_padding_tablet=&#8221;inherit&#8221; column_padding_phone=&#8221;inherit&#8221; column_padding_position=&#8221;all&#8221; column_element_direction_desktop=&#8221;default&#8221; column_element_spacing=&#8221;default&#8221; desktop_text_alignment=&#8221;default&#8221; tablet_text_alignment=&#8221;default&#8221; phone_text_alignment=&#8221;default&#8221; background_color_opacity=&#8221;1&#8243; background_hover_color_opacity=&#8221;1&#8243; column_backdrop_filter=&#8221;none&#8221; column_shadow=&#8221;none&#8221; column_border_radius=&#8221;none&#8221; column_link_target=&#8221;_self&#8221; column_position=&#8221;default&#8221; gradient_direction=&#8221;left_to_right&#8221; overlay_strength=&#8221;0.3&#8243; width=&#8221;1\/2&#8243; tablet_width_inherit=&#8221;default&#8221; animation_type=&#8221;default&#8221; bg_image_animation=&#8221;none&#8221; border_type=&#8221;simple&#8221; column_border_width=&#8221;none&#8221; column_border_style=&#8221;solid&#8221;][split_line_heading animation_type=&#8221;default&#8221; text_direction=&#8221;default&#8221;]\n<h2 style=\"text-transform: uppercase; font-size: 28px; line-height: 30px;\">sobre a APAV<\/h2>\n[\/split_line_heading][\/vc_column][vc_column column_padding=&#8221;no-extra-padding&#8221; column_padding_tablet=&#8221;inherit&#8221; column_padding_phone=&#8221;inherit&#8221; column_padding_position=&#8221;all&#8221; column_element_direction_desktop=&#8221;default&#8221; column_element_spacing=&#8221;default&#8221; desktop_text_alignment=&#8221;default&#8221; tablet_text_alignment=&#8221;default&#8221; phone_text_alignment=&#8221;default&#8221; background_color_opacity=&#8221;1&#8243; background_hover_color_opacity=&#8221;1&#8243; column_backdrop_filter=&#8221;none&#8221; column_shadow=&#8221;none&#8221; column_border_radius=&#8221;none&#8221; column_link_target=&#8221;_self&#8221; column_position=&#8221;default&#8221; gradient_direction=&#8221;left_to_right&#8221; overlay_strength=&#8221;0.3&#8243; width=&#8221;1\/2&#8243; tablet_width_inherit=&#8221;default&#8221; animation_type=&#8221;default&#8221; bg_image_animation=&#8221;none&#8221; border_type=&#8221;simple&#8221; column_border_width=&#8221;none&#8221; column_border_style=&#8221;solid&#8221;][\/vc_column][\/vc_row][vc_row type=&#8221;full_width_background&#8221; full_screen_row_position=&#8221;middle&#8221; column_margin=&#8221;default&#8221; column_direction=&#8221;default&#8221; column_direction_tablet=&#8221;default&#8221; column_direction_phone=&#8221;default&#8221; bg_color=&#8221;#ffffff&#8221; scene_position=&#8221;center&#8221; top_padding=&#8221;3%&#8221; bottom_padding=&#8221;4%&#8221; text_color=&#8221;dark&#8221; text_align=&#8221;left&#8221; row_border_radius=&#8221;none&#8221; row_border_radius_applies=&#8221;bg&#8221; overflow=&#8221;visible&#8221; class=&#8221;Lieselotte&#8221; overlay_strength=&#8221;0.3&#8243; gradient_direction=&#8221;left_to_right&#8221; shape_divider_position=&#8221;bottom&#8221; bg_image_animation=&#8221;none&#8221; shape_type=&#8221;&#8221; gradient_type=&#8221;default&#8221;][vc_column column_padding=&#8221;no-extra-padding&#8221; column_padding_tablet=&#8221;inherit&#8221; column_padding_phone=&#8221;inherit&#8221; column_padding_position=&#8221;all&#8221; column_element_direction_desktop=&#8221;default&#8221; column_element_spacing=&#8221;default&#8221; desktop_text_alignment=&#8221;default&#8221; tablet_text_alignment=&#8221;default&#8221; phone_text_alignment=&#8221;default&#8221; background_color_opacity=&#8221;1&#8243; background_hover_color_opacity=&#8221;1&#8243; column_backdrop_filter=&#8221;none&#8221; column_shadow=&#8221;none&#8221; column_border_radius=&#8221;none&#8221; column_link_target=&#8221;_self&#8221; column_position=&#8221;default&#8221; gradient_direction=&#8221;left_to_right&#8221; overlay_strength=&#8221;0.3&#8243; width=&#8221;1\/4&#8243; tablet_width_inherit=&#8221;default&#8221; animation_type=&#8221;default&#8221; bg_image_animation=&#8221;none&#8221; border_type=&#8221;simple&#8221; column_border_width=&#8221;none&#8221; column_border_style=&#8221;solid&#8221;][image_with_animation image_url=&#8221;10969&#8243; image_size=&#8221;full&#8221; animation_type=&#8221;entrance&#8221; animation=&#8221;Fade In&#8221; animation_easing=&#8221;default&#8221; animation_movement_type=&#8221;transform_y&#8221; hover_animation=&#8221;none&#8221; alignment=&#8221;&#8221; img_link_target=&#8221;_blank&#8221; border_radius=&#8221;none&#8221; box_shadow=&#8221;none&#8221; image_loading=&#8221;default&#8221; max_width=&#8221;100%&#8221; max_width_mobile=&#8221;default&#8221; img_link=&#8221;https:\/\/apav.pt\/apav_v3\/index.php\/pt\/&#8221;][\/vc_column][vc_column column_padding=&#8221;no-extra-padding&#8221; column_padding_tablet=&#8221;inherit&#8221; column_padding_phone=&#8221;inherit&#8221; column_padding_position=&#8221;all&#8221; column_element_direction_desktop=&#8221;default&#8221; column_element_spacing=&#8221;default&#8221; desktop_text_alignment=&#8221;default&#8221; tablet_text_alignment=&#8221;default&#8221; phone_text_alignment=&#8221;default&#8221; background_color_opacity=&#8221;1&#8243; background_hover_color_opacity=&#8221;1&#8243; column_backdrop_filter=&#8221;none&#8221; column_shadow=&#8221;none&#8221; column_border_radius=&#8221;none&#8221; column_link_target=&#8221;_self&#8221; column_position=&#8221;default&#8221; gradient_direction=&#8221;left_to_right&#8221; overlay_strength=&#8221;0.3&#8243; width=&#8221;3\/4&#8243; tablet_width_inherit=&#8221;default&#8221; animation_type=&#8221;default&#8221; bg_image_animation=&#8221;none&#8221; border_type=&#8221;simple&#8221; column_border_width=&#8221;none&#8221; column_border_style=&#8221;solid&#8221;][vc_column_text css=&#8221;.vc_custom_1730907582718{margin-top: -8px !important;margin-bottom: -8px !important;}&#8221; text_direction=&#8221;default&#8221;]<strong><a href=\"https:\/\/apav.pt\/apav_v3\/index.php\/pt\/\" target=\"_blank\" rel=\"noopener\">A Associa\u00e7\u00e3o Portuguesa de Apoio \u00e0 V\u00edtima (APAV)<\/a> <\/strong> \u00e9 uma organiza\u00e7\u00e3o n\u00e3o governamental pioneira em Portugal, que tem por miss\u00e3o o apoio \u00e0s v\u00edtimas de crime, suas fam\u00edlias e amigos. Criada em 1990, a APAV tem estado na vanguarda da promo\u00e7\u00e3o dos direitos das v\u00edtimas e da presta\u00e7\u00e3o de servi\u00e7os de apoio especializados e adaptados \u00e0s necessidades das pessoas afetadas pelo crime e pela viol\u00eancia.<\/p>\n<p>A APAV opera uma rede nacional de 84 servi\u00e7os de proximidade que, atrav\u00e9s dos seus profissionais e dos seus volunt\u00e1rios, disponibilizam apoio confidencial, qualificado e gratuito \u00e0s v\u00edtimas de crime e de viol\u00eancia. Os servi\u00e7os de proximidade prestam apoio emocional, psicol\u00f3gico e social, informa\u00e7\u00e3o jur\u00eddica e orienta\u00e7\u00e3o pr\u00e1tica, assegurando que as v\u00edtimas recebem cuidados hol\u00edsticos e adaptados \u00e0s suas circunst\u00e2ncias \u00fanicas. A APAV presta ainda apoio especializado a pessoas migrantes v\u00edtimas de crimes de \u00f3dio, tr\u00e1fico ou explora\u00e7\u00e3o; familiares e amigos de v\u00edtimas de homic\u00eddio, terrorismo e vitima\u00e7\u00e3o em massa; crian\u00e7as e jovens v\u00edtimas de viol\u00eancia sexual; e pessoas idosas v\u00edtimas de crime.<\/p>\n<p>Para al\u00e9m do apoio direto \u00e0s v\u00edtimas, a APAV est\u00e1 profundamente envolvida na promo\u00e7\u00e3o e defesa de pol\u00edticas p\u00fablicas, trabalhando para influenciar a legisla\u00e7\u00e3o e a ado\u00e7\u00e3o de medidas de pol\u00edtica centradas na v\u00edtima. A organiza\u00e7\u00e3o colabora com parceiros nacionais e internacionais para promover as melhores pr\u00e1ticas no apoio \u00e0 v\u00edtima e garantir que as vozes das v\u00edtimas s\u00e3o ouvidas nos processos de constru\u00e7\u00e3o de mais e melhores pol\u00edticas.<\/p>\n<p>A educa\u00e7\u00e3o e a forma\u00e7\u00e3o s\u00e3o tamb\u00e9m fundamentais para a miss\u00e3o da APAV. A organiza\u00e7\u00e3o oferece uma s\u00e9rie de programas de forma\u00e7\u00e3o para profissionais, como pol\u00edcias, assistentes sociais e profissionais de sa\u00fade, capacitando-os\/as para apoiar eficazmente as v\u00edtimas. Para al\u00e9m disso, a APAV promove in\u00famera campanhas de sensibiliza\u00e7\u00e3o p\u00fablica para educar a comunidade sobre os direitos das v\u00edtimas e a import\u00e2ncia de uma resposta solid\u00e1ria e que responda \u00e0s necessidades individuais de quem \u00e9 v\u00edtima de crime e de viol\u00eancia.[\/vc_column_text][\/vc_column][\/vc_row]\n","protected":false},"excerpt":{"rendered":"<p>[vc_row type=&#8221;full_width_background&#8221; full_screen_row_position=&#8221;middle&#8221; column_margin=&#8221;default&#8221; column_direction=&#8221;default&#8221; column_direction_tablet=&#8221;default&#8221; column_direction_phone=&#8221;default&#8221; bg_color=&#8221;#412b85&#8243; scene_position=&#8221;center&#8221; top_padding=&#8221;3%&#8221; bottom_padding=&#8221;3%&#8221; text_color=&#8221;light&#8221; text_align=&#8221;left&#8221; row_border_radius=&#8221;none&#8221; row_border_radius_applies=&#8221;bg&#8221;&#8230;<\/p>\n","protected":false},"author":1,"featured_media":0,"parent":0,"menu_order":2,"comment_status":"closed","ping_status":"closed","template":"","meta":{"_exactmetrics_skip_tracking":false,"_exactmetrics_sitenote_active":false,"_exactmetrics_sitenote_note":"","_exactmetrics_sitenote_category":0,"footnotes":""},"class_list":["post-11135","page","type-page","status-publish"],"_links":{"self":[{"href":"https:\/\/2025.vse-conference.eu\/pt-pt\/wp-json\/wp\/v2\/pages\/11135","targetHints":{"allow":["GET"]}}],"collection":[{"href":"https:\/\/2025.vse-conference.eu\/pt-pt\/wp-json\/wp\/v2\/pages"}],"about":[{"href":"https:\/\/2025.vse-conference.eu\/pt-pt\/wp-json\/wp\/v2\/types\/page"}],"author":[{"embeddable":true,"href":"https:\/\/2025.vse-conference.eu\/pt-pt\/wp-json\/wp\/v2\/users\/1"}],"replies":[{"embeddable":true,"href":"https:\/\/2025.vse-conference.eu\/pt-pt\/wp-json\/wp\/v2\/comments?post=11135"}],"version-history":[{"count":5,"href":"https:\/\/2025.vse-conference.eu\/pt-pt\/wp-json\/wp\/v2\/pages\/11135\/revisions"}],"predecessor-version":[{"id":11231,"href":"https:\/\/2025.vse-conference.eu\/pt-pt\/wp-json\/wp\/v2\/pages\/11135\/revisions\/11231"}],"wp:attachment":[{"href":"https:\/\/2025.vse-conference.eu\/pt-pt\/wp-json\/wp\/v2\/media?parent=11135"}],"curies":[{"name":"wp","href":"https:\/\/api.w.org\/{rel}","templated":true}]}}