{"id":11108,"date":"2024-10-22T14:42:25","date_gmt":"2024-10-22T14:42:25","guid":{"rendered":"https:\/\/2025.vse-conference.eu\/coffee-speed-talks-2\/"},"modified":"2025-05-08T12:52:48","modified_gmt":"2025-05-08T12:52:48","slug":"blitz-talks","status":"publish","type":"page","link":"https:\/\/2025.vse-conference.eu\/pt-pt\/blitz-talks\/","title":{"rendered":"Blitz Talks"},"content":{"rendered":"[vc_row type=&#8221;full_width_background&#8221; full_screen_row_position=&#8221;middle&#8221; column_margin=&#8221;default&#8221; column_direction=&#8221;default&#8221; column_direction_tablet=&#8221;default&#8221; column_direction_phone=&#8221;default&#8221; bg_color=&#8221;#412b85&#8243; scene_position=&#8221;center&#8221; top_padding=&#8221;3%&#8221; bottom_padding=&#8221;3%&#8221; text_color=&#8221;light&#8221; text_align=&#8221;left&#8221; row_border_radius=&#8221;none&#8221; row_border_radius_applies=&#8221;bg&#8221; overflow=&#8221;visible&#8221; overlay_strength=&#8221;0.5&#8243; gradient_direction=&#8221;left_to_right&#8221; shape_divider_position=&#8221;bottom&#8221; bg_image_animation=&#8221;none&#8221; video_mute=&#8221;true&#8221; shape_type=&#8221;&#8221;][vc_column column_padding=&#8221;no-extra-padding&#8221; column_padding_tablet=&#8221;inherit&#8221; column_padding_phone=&#8221;inherit&#8221; column_padding_position=&#8221;all&#8221; column_element_direction_desktop=&#8221;default&#8221; column_element_spacing=&#8221;default&#8221; desktop_text_alignment=&#8221;default&#8221; tablet_text_alignment=&#8221;default&#8221; phone_text_alignment=&#8221;default&#8221; background_color_opacity=&#8221;1&#8243; background_hover_color_opacity=&#8221;1&#8243; column_backdrop_filter=&#8221;none&#8221; column_shadow=&#8221;none&#8221; column_border_radius=&#8221;none&#8221; column_link_target=&#8221;_self&#8221; column_position=&#8221;default&#8221; gradient_direction=&#8221;left_to_right&#8221; overlay_strength=&#8221;0.3&#8243; width=&#8221;1\/2&#8243; tablet_width_inherit=&#8221;default&#8221; animation_type=&#8221;default&#8221; bg_image_animation=&#8221;none&#8221; border_type=&#8221;simple&#8221; column_border_width=&#8221;none&#8221; column_border_style=&#8221;solid&#8221;][split_line_heading animation_type=&#8221;default&#8221; text_direction=&#8221;default&#8221;]\n<h2 style=\"text-transform: uppercase; font-size: 28px; line-height: 30px;\">Blitz Talks<\/h2>\n[\/split_line_heading][\/vc_column][vc_column column_padding=&#8221;no-extra-padding&#8221; column_padding_tablet=&#8221;inherit&#8221; column_padding_phone=&#8221;inherit&#8221; column_padding_position=&#8221;all&#8221; column_element_direction_desktop=&#8221;default&#8221; column_element_spacing=&#8221;default&#8221; desktop_text_alignment=&#8221;default&#8221; tablet_text_alignment=&#8221;default&#8221; phone_text_alignment=&#8221;default&#8221; background_color_opacity=&#8221;1&#8243; background_hover_color_opacity=&#8221;1&#8243; column_backdrop_filter=&#8221;none&#8221; column_shadow=&#8221;none&#8221; column_border_radius=&#8221;none&#8221; column_link_target=&#8221;_self&#8221; column_position=&#8221;default&#8221; gradient_direction=&#8221;left_to_right&#8221; overlay_strength=&#8221;0.3&#8243; width=&#8221;1\/2&#8243; tablet_width_inherit=&#8221;default&#8221; animation_type=&#8221;default&#8221; bg_image_animation=&#8221;none&#8221; border_type=&#8221;simple&#8221; column_border_width=&#8221;none&#8221; column_border_style=&#8221;solid&#8221;][\/vc_column][\/vc_row][vc_row type=&#8221;in_container&#8221; full_screen_row_position=&#8221;middle&#8221; column_margin=&#8221;default&#8221; column_direction=&#8221;default&#8221; column_direction_tablet=&#8221;default&#8221; column_direction_phone=&#8221;default&#8221; scene_position=&#8221;center&#8221; text_color=&#8221;dark&#8221; text_align=&#8221;left&#8221; row_border_radius=&#8221;none&#8221; row_border_radius_applies=&#8221;bg&#8221; overflow=&#8221;visible&#8221; class=&#8221;txtspcng Lieselotte ztoggles&#8221; overlay_strength=&#8221;0.3&#8243; gradient_direction=&#8221;left_to_right&#8221; shape_divider_position=&#8221;bottom&#8221; bg_image_animation=&#8221;none&#8221; gradient_type=&#8221;default&#8221; shape_type=&#8221;&#8221;][vc_column column_padding=&#8221;no-extra-padding&#8221; column_padding_tablet=&#8221;inherit&#8221; column_padding_phone=&#8221;inherit&#8221; column_padding_position=&#8221;all&#8221; column_element_direction_desktop=&#8221;default&#8221; column_element_spacing=&#8221;default&#8221; desktop_text_alignment=&#8221;default&#8221; tablet_text_alignment=&#8221;default&#8221; phone_text_alignment=&#8221;default&#8221; background_color_opacity=&#8221;1&#8243; background_hover_color_opacity=&#8221;1&#8243; column_backdrop_filter=&#8221;none&#8221; column_shadow=&#8221;none&#8221; column_border_radius=&#8221;none&#8221; column_link_target=&#8221;_self&#8221; column_position=&#8221;default&#8221; gradient_direction=&#8221;left_to_right&#8221; overlay_strength=&#8221;0.3&#8243; width=&#8221;1\/1&#8243; tablet_width_inherit=&#8221;default&#8221; animation_type=&#8221;default&#8221; bg_image_animation=&#8221;none&#8221; border_type=&#8221;simple&#8221; column_border_width=&#8221;none&#8221; column_border_style=&#8221;solid&#8221;][divider line_type=&#8221;No Line&#8221;][toggles style=&#8221;default&#8221; accordion=&#8221;true&#8221; accordion_starting_functionality=&#8221;default&#8221; border_radius=&#8221;none&#8221;][toggle color=&#8221;Default&#8221; heading_tag=&#8221;default&#8221; heading_tag_functionality=&#8221;default&#8221; title=&#8221;Blitz talk: Transformar vidas atrav\u00e9s do trabalho em grupo e apoio entre pares&#8221;][vc_column_text css=&#8221;&#8221; text_direction=&#8221;default&#8221;]<span style=\"color: #800080;\"><em><strong>Transformar vidas atrav\u00e9s do trabalho em grupo e apoio entre pares<\/strong><\/em><\/span><\/p>\n<p><span style=\"color: #ff6600;\"><em><strong>por Ellen Hall, Victim Support England and Wales<\/strong><\/em><\/span><\/p>\n<p>Como os grupo de suporte online pode ajudar as v\u00edtimas de crime a sentirem-se validadas nas suas experi\u00eancias, ganharem ferramentas para lidar com o trauma e desenvolverem resili\u00eancia.<\/p>\n<p>Vai ser partilhado:<\/p>\n<ul>\n<li>O que dizem os participantes sobre a experi\u00eancia de fazer parte de um grupo<\/li>\n<li>Como este tipo de trabalho promove o apoio m\u00fatuo e o sentimento de perten\u00e7a<\/li>\n<li>Como as equipas podem usar o trabalho em grupo e o apoio entre pares para ajudar v\u00edtimas a seguirem em frente<\/li>\n<\/ul>\n<p>Junte-se a n\u00f3s para aprender mais sobre grupos de suporte. <a href=\"https:\/\/2025.vse-conference.eu\/pt-pt\/blitz-talks\/\"><strong><br \/>\n<\/strong><\/a>[\/vc_column_text][\/toggle][toggle color=&#8221;Accent-Color&#8221; heading_tag=&#8221;default&#8221; heading_tag_functionality=&#8221;default&#8221; title=&#8221;Blitz talk: Como a rede social e profissional pode apoiar v\u00edtimas&#8221;][vc_column_text css=&#8221;&#8221; text_direction=&#8221;default&#8221;]<span style=\"color: #800080;\"><em><strong>Como a rede social e profissional pode apoiar v\u00edtimas<\/strong><\/em><\/span><\/p>\n<p><span style=\"color: #ff6600;\"><em><strong>por Hetty Burgman e Franck Wagemakers, Slachtofferhulp Nederland<\/strong><\/em><\/span><\/p>\n<p>As v\u00edtimas de crime nem sempre se sentem apoiadas por quem as rodeia \u2013 amigos, fam\u00edlia, vizinhos ou at\u00e9 profissionais como professores e m\u00e9dicos. Muitas vezes, isso acontece por falta de informa\u00e7\u00e3o ou medo de dizer algo errado.<\/p>\n<p>Nesta blitz talk vamos apresentar uma plataforma online criada para ajudar tanto a rede pessoal como os profissionais a saber:<\/p>\n<ul>\n<li>Como identificar sinais de vitima\u00e7\u00e3o<\/li>\n<li>Como come\u00e7ar uma conversa com a v\u00edtima<\/li>\n<li>Como prestar apoio de forma eficaz<\/li>\n<\/ul>\n<p>Ser\u00e3o tamb\u00e9m mostradas ferramentas pr\u00e1ticas como checklists, e-learnings e campanhas de sensibiliza\u00e7\u00e3o.[\/vc_column_text][\/toggle][toggle color=&#8221;Accent-Color&#8221; heading_tag=&#8221;default&#8221; heading_tag_functionality=&#8221;default&#8221; title=&#8221;Blitz talk: Sensibiliza\u00e7\u00e3o e abordagem da realidade oculta da viol\u00eancia entre irm\u00e3os na Flandres: perspetivas da linha de apoio 1712 e dos Centros de Assist\u00eancia Social Geral (CAW)&#8221;][vc_column_text css=&#8221;&#8221; text_direction=&#8221;default&#8221;]<span style=\"color: #800080;\"><em><strong>Sensibiliza\u00e7\u00e3o e abordagem da realidade oculta da viol\u00eancia entre irm\u00e3os na Flandres: perspetivas da linha de apoio 1712 e dos Centros de Assist\u00eancia Social Geral (CAW)<\/strong><\/em><\/span><\/p>\n<p><span style=\"color: #ff6600;\"><em><strong>por Kasia Uzieblo (Linha de Apoio 1712, B\u00e9lgica) e Mieke Van Durme (CAW, Flandres Oriental)<\/strong><\/em><\/span><\/p>\n<p>A viol\u00eancia entre irm\u00e3os \u00e9 uma das formas mais comuns de viol\u00eancia familiar, mas continua a ser pouco falada e pouco identificada.Nesta blitz talk ser\u00e1 apresentada a campanha de sensibiliza\u00e7\u00e3o da Linha 1712 sobre este tipo de viol\u00eancia, com base em testemunhos e chamadas recebidas. Tamb\u00e9m ser\u00e1 partilhada a forma como os CAW (Centros de A\u00e7\u00e3o Social Geral) est\u00e3o a responder a este tema.[\/vc_column_text][\/toggle][toggle color=&#8221;Accent-Color&#8221; heading_tag=&#8221;default&#8221; heading_tag_functionality=&#8221;default&#8221; title=&#8221;Blitz talk: O que fazer \u2013 e o que evitar \u2013 em situa\u00e7\u00f5es de abuso de pessoas idosas&#8221;][vc_column_text css=&#8221;&#8221; text_direction=&#8221;default&#8221;]<span style=\"color: #800080;\"><em><strong>O que fazer \u2013 e o que evitar \u2013 em situa\u00e7\u00f5es de abuso de pessoas idosas<\/strong><\/em><\/span><\/p>\n<p><span style=\"color: #ff6600;\"><em><strong>por Lily De Clercq, CAW Antwerpen \/ VLOCO\u00a0<\/strong><\/em><\/span><\/p>\n<p><b><span lang=\"PT\">O abuso de idosos<\/span><\/b><span lang=\"PT\"> \u00e9 um importante problema de sa\u00fade p\u00fablica. Com base em v\u00e1rios estudos realizados em todo o mundo, estima-se que 1 em cada 6 pessoas com 60 anos ou mais foi v\u00edtima de algum tipo de abuso. E prev\u00ea-se que o abuso de idosos aumente, uma vez que muitos pa\u00edses est\u00e3o a enfrentar um r\u00e1pido envelhecimento da popula\u00e7\u00e3o.<\/span><\/p>\n<p><span lang=\"PT\">A n\u00edvel global, pouco se sabe sobre o abuso de idosos, devido \u00e0 falta de aten\u00e7\u00e3o e sensibiliza\u00e7\u00e3o nos meios de comunica\u00e7\u00e3o social, na forma\u00e7\u00e3o, etc. Os profissionais muitas vezes n\u00e3o reconhecem os sinais de abuso de idosos ou hesitam e t\u00eam dificuldade em lidar com estas situa\u00e7\u00f5es.<\/span><\/p>\n<p><span lang=\"PT\">Por isso, a ajuda e o apoio tanto \u00e0s v\u00edtimas como \u00e0s pessoas envolvidas continuam a ser fundamentais. Quer saber como \u00e9 o processo de apoio em situa\u00e7\u00f5es de abuso de idosos? Quer saber que ferramenta de avalia\u00e7\u00e3o de risco pode ser utilizada para reconhecer os sinais e fatores de risco em situa\u00e7\u00f5es de abuso de idosos?<\/span><\/p>\n<p><span lang=\"PT\">Nesta palestra r\u00e1pida, Lily De Clercq, membro da equipa da VLOCO, apresenta-lhe o tema. A VLOCO \u00e9 a linha de apoio e centro flamengo para o abuso de idosos.<\/span>[\/vc_column_text][\/toggle][toggle color=&#8221;Accent-Color&#8221; heading_tag=&#8221;default&#8221; heading_tag_functionality=&#8221;default&#8221; title=&#8221;Blitz talk: Voltar a sentir-se inteiro \u2013 apoio a v\u00edtimas de tr\u00e1fico de seres humanos&#8221;][vc_column_text css=&#8221;&#8221; text_direction=&#8221;default&#8221;]<span style=\"color: #800080;\"><em><strong>Voltar a sentir-se inteiro \u2013 apoio a v\u00edtimas de tr\u00e1fico de seres humanos<\/strong><\/em><\/span><\/p>\n<p><em><span style=\"color: #ff6600;\"><strong>por Pol de Groote, CAW Antwerpen \/ Asmodee Shelter for victims of human trafficking<\/strong><\/span><\/em><\/p>\n<p>Vamos partilhar a experi\u00eancia de tr\u00eas casas de acolhimento na B\u00e9lgica para v\u00edtimas de tr\u00e1fico de seres humanos. Nestes espa\u00e7os trabalha-se com os\/as residentes em grupo e individualmente, promovendo seguran\u00e7a, confian\u00e7a e recupera\u00e7\u00e3o emocional.<\/p>\n<p>N\u00e3o se come\u00e7a por processos formais nem por documenta\u00e7\u00e3o jur\u00eddica. O trabalho come\u00e7a do zero, com escuta, partilha e apoio no dia a dia.[\/vc_column_text][\/toggle][toggle color=&#8221;Accent-Color&#8221; heading_tag=&#8221;default&#8221; heading_tag_functionality=&#8221;default&#8221; title=&#8221;Blitz talk: Fundo de Assist\u00eancia de Emerg\u00eancia da Victim Support Scotland&#8221;][vc_column_text css=&#8221;&#8221; text_direction=&#8221;default&#8221;]<span style=\"color: #800080;\"><em><strong>Fundo de Assist\u00eancia de Emerg\u00eancia da Victim Support Scotland<\/strong><\/em><\/span><\/p>\n<p><strong><em><span style=\"color: #ff6600;\">por Kate Wallace, Victim Support Scotland<\/span><\/em><\/strong><\/p>\n<p>O Fundo de Assist\u00eancia de Emerg\u00eancia da Victim Support Scotland apoia pessoas que foram afetadas financeiramente por crimes. Apoiando predominantemente mulheres e crian\u00e7as que fogem de situa\u00e7\u00f5es de viol\u00eancia dom\u00e9stica, fornece bens e servi\u00e7os essenciais, como vales de alimenta\u00e7\u00e3o, roupas, m\u00f3veis e utens\u00edlios dom\u00e9sticos a v\u00edtimas que n\u00e3o t\u00eam outros meios de apoio financeiro.<\/p>\n<p>O Fundo de Assist\u00eancia de Emerg\u00eancia da Victim Support Scotland \u00e9 financiado pelo Fundo de Sobretaxa para V\u00edtimas. Trata-se de uma taxa adicionada \u00e0s multas impostas pelos tribunais escoceses e pelo Servi\u00e7o de Tribunais, que \u00e9 recolhida e administrada pelo Governo escoc\u00eas e distribu\u00edda a institui\u00e7\u00f5es de caridade que apoiam v\u00edtimas de crimes atrav\u00e9s de um processo de candidatura.<\/p>\n<p>Tendo operado este fundo durante v\u00e1rios anos, a Victim Support Scotland simplificou o processo de candidatura e implementou um formul\u00e1rio online e um verificador de elegibilidade. No \u00faltimo ano, aprov\u00e1mos com sucesso mais de 1400 candidaturas, fornecendo mais de 4000 artigos individuais no valor aproximado de 450 000 libras esterlinas.Trabalhando em estreita colabora\u00e7\u00e3o com os parceiros, o fundo visa chegar \u00e0s pessoas que mais precisam \u2013 reconhecendo a urg\u00eancia das necessidades das v\u00edtimas, a Victim Support Scotland garantiu processos internos e externos para que as candidaturas sejam analisadas e os bens distribu\u00eddos de forma eficiente e eficaz. Nesta Blitz Talk, ir\u00e1 ouvir sobre:<\/p>\n<ul>\n<li>como trabalhamos com os parceiros para chegar a mais pessoas que podem beneficiar do fundo;<\/li>\n<li>como sabemos que o fundo est\u00e1 a funcionar e o impacto positivo que tem;<\/li>\n<li>como garantimos a continuidade do financiamento.<\/li>\n<\/ul>\n[\/vc_column_text][\/toggle][\/toggles][divider line_type=&#8221;No Line&#8221;][\/vc_column][\/vc_row][vc_row type=&#8221;full_width_background&#8221; full_screen_row_position=&#8221;middle&#8221; column_margin=&#8221;default&#8221; column_direction=&#8221;default&#8221; column_direction_tablet=&#8221;default&#8221; column_direction_phone=&#8221;default&#8221; bg_color=&#8221;#ffffff&#8221; scene_position=&#8221;center&#8221; top_padding=&#8221;2%&#8221; bottom_padding=&#8221;8%&#8221; text_color=&#8221;dark&#8221; text_align=&#8221;left&#8221; row_border_radius=&#8221;none&#8221; row_border_radius_applies=&#8221;bg&#8221; overflow=&#8221;visible&#8221; class=&#8221;Lieselotte&#8221; disable_element=&#8221;yes&#8221; overlay_strength=&#8221;0.3&#8243; gradient_direction=&#8221;left_to_right&#8221; shape_divider_position=&#8221;bottom&#8221; bg_image_animation=&#8221;none&#8221; gradient_type=&#8221;default&#8221; shape_type=&#8221;&#8221;][vc_column column_padding=&#8221;no-extra-padding&#8221; column_padding_tablet=&#8221;inherit&#8221; column_padding_phone=&#8221;inherit&#8221; column_padding_position=&#8221;all&#8221; column_element_direction_desktop=&#8221;default&#8221; column_element_spacing=&#8221;default&#8221; desktop_text_alignment=&#8221;default&#8221; tablet_text_alignment=&#8221;default&#8221; phone_text_alignment=&#8221;default&#8221; background_color_opacity=&#8221;1&#8243; background_hover_color_opacity=&#8221;1&#8243; column_backdrop_filter=&#8221;none&#8221; column_shadow=&#8221;none&#8221; column_border_radius=&#8221;none&#8221; column_link_target=&#8221;_self&#8221; column_position=&#8221;default&#8221; gradient_direction=&#8221;left_to_right&#8221; overlay_strength=&#8221;0.3&#8243; width=&#8221;2\/3&#8243; tablet_width_inherit=&#8221;default&#8221; animation_type=&#8221;default&#8221; bg_image_animation=&#8221;none&#8221; border_type=&#8221;simple&#8221; column_border_width=&#8221;none&#8221; column_border_style=&#8221;solid&#8221;][vc_column_text css=&#8221;&#8221; text_direction=&#8221;default&#8221;]\n<p style=\"text-align: justify; font-weight: 600; color: #412b87;\"><span style=\"font-size: 22px;\">Em Breve<\/span><\/p>\n[\/vc_column_text][divider line_type=&#8221;No Line&#8221; custom_height=&#8221;40&#8243;][\/vc_column][vc_column column_padding=&#8221;no-extra-padding&#8221; column_padding_tablet=&#8221;inherit&#8221; column_padding_phone=&#8221;inherit&#8221; column_padding_position=&#8221;all&#8221; column_element_direction_desktop=&#8221;default&#8221; column_element_spacing=&#8221;default&#8221; desktop_text_alignment=&#8221;default&#8221; tablet_text_alignment=&#8221;default&#8221; phone_text_alignment=&#8221;default&#8221; background_color_opacity=&#8221;1&#8243; background_hover_color_opacity=&#8221;1&#8243; column_backdrop_filter=&#8221;none&#8221; column_shadow=&#8221;none&#8221; column_border_radius=&#8221;none&#8221; column_link_target=&#8221;_self&#8221; column_position=&#8221;default&#8221; gradient_direction=&#8221;left_to_right&#8221; overlay_strength=&#8221;0.3&#8243; width=&#8221;1\/3&#8243; tablet_width_inherit=&#8221;default&#8221; animation_type=&#8221;default&#8221; bg_image_animation=&#8221;none&#8221; border_type=&#8221;simple&#8221; column_border_width=&#8221;none&#8221; column_border_style=&#8221;solid&#8221;][\/vc_column][\/vc_row]\n","protected":false},"excerpt":{"rendered":"<p>[vc_row type=&#8221;full_width_background&#8221; full_screen_row_position=&#8221;middle&#8221; column_margin=&#8221;default&#8221; column_direction=&#8221;default&#8221; column_direction_tablet=&#8221;default&#8221; column_direction_phone=&#8221;default&#8221; bg_color=&#8221;#412b85&#8243; scene_position=&#8221;center&#8221; top_padding=&#8221;3%&#8221; bottom_padding=&#8221;3%&#8221; text_color=&#8221;light&#8221; text_align=&#8221;left&#8221; row_border_radius=&#8221;none&#8221; row_border_radius_applies=&#8221;bg&#8221;&#8230;<\/p>\n","protected":false},"author":1,"featured_media":0,"parent":0,"menu_order":3,"comment_status":"closed","ping_status":"closed","template":"","meta":{"_exactmetrics_skip_tracking":false,"_exactmetrics_sitenote_active":false,"_exactmetrics_sitenote_note":"","_exactmetrics_sitenote_category":0,"footnotes":""},"class_list":["post-11108","page","type-page","status-publish"],"_links":{"self":[{"href":"https:\/\/2025.vse-conference.eu\/pt-pt\/wp-json\/wp\/v2\/pages\/11108","targetHints":{"allow":["GET"]}}],"collection":[{"href":"https:\/\/2025.vse-conference.eu\/pt-pt\/wp-json\/wp\/v2\/pages"}],"about":[{"href":"https:\/\/2025.vse-conference.eu\/pt-pt\/wp-json\/wp\/v2\/types\/page"}],"author":[{"embeddable":true,"href":"https:\/\/2025.vse-conference.eu\/pt-pt\/wp-json\/wp\/v2\/users\/1"}],"replies":[{"embeddable":true,"href":"https:\/\/2025.vse-conference.eu\/pt-pt\/wp-json\/wp\/v2\/comments?post=11108"}],"version-history":[{"count":24,"href":"https:\/\/2025.vse-conference.eu\/pt-pt\/wp-json\/wp\/v2\/pages\/11108\/revisions"}],"predecessor-version":[{"id":11556,"href":"https:\/\/2025.vse-conference.eu\/pt-pt\/wp-json\/wp\/v2\/pages\/11108\/revisions\/11556"}],"wp:attachment":[{"href":"https:\/\/2025.vse-conference.eu\/pt-pt\/wp-json\/wp\/v2\/media?parent=11108"}],"curies":[{"name":"wp","href":"https:\/\/api.w.org\/{rel}","templated":true}]}}